{"id":274,"date":"2023-05-22T15:24:41","date_gmt":"2023-05-22T15:24:41","guid":{"rendered":"https:\/\/iceandlife.org\/?page_id=274"},"modified":"2026-01-28T14:00:17","modified_gmt":"2026-01-28T14:00:17","slug":"home","status":"publish","type":"page","link":"https:\/\/iceandlife.org\/index.php\/en\/","title":{"rendered":"Home"},"content":{"rendered":"","protected":false},"excerpt":{"rendered":"<p>Un projet novateur entre la science et la conservation de la nature pour prot\u00e9ger les glaciers et les zones d\u00e9senglac\u00e9es d&rsquo;aujourd&rsquo;hui et de demain.<\/p>\n","protected":false},"author":2,"featured_media":262,"parent":0,"menu_order":0,"comment_status":"closed","ping_status":"closed","template":"","meta":[],"yoast_head":"<!-- This site is optimized with the Yoast SEO plugin v20.11 - https:\/\/yoast.com\/wordpress\/plugins\/seo\/ -->\n<title>Ice&amp;Life<\/title>\n<meta name=\"description\" content=\"Un projet novateur entre la science et la conservation de la nature pour prot\u00e9ger les glaciers et les zones d\u00e9senglac\u00e9es d&#039;aujourd&#039;hui et de demain.\" \/>\n<meta name=\"robots\" content=\"index, follow, max-snippet:-1, max-image-preview:large, max-video-preview:-1\" \/>\n<link rel=\"canonical\" href=\"https:\/\/iceandlife.org\/index.php\/en\/\" \/>\n<meta property=\"og:locale\" content=\"fr_FR\" \/>\n<meta property=\"og:type\" content=\"article\" \/>\n<meta property=\"og:title\" content=\"Ice&amp;Life\" \/>\n<meta property=\"og:description\" content=\"Un projet novateur entre la science et la conservation de la nature pour prot\u00e9ger les glaciers et les zones d\u00e9senglac\u00e9es d&#039;aujourd&#039;hui et de demain.\" \/>\n<meta property=\"og:url\" content=\"https:\/\/iceandlife.org\/index.php\/en\/\" \/>\n<meta property=\"og:site_name\" content=\"Ice&amp;Life\" \/>\n<meta property=\"article:publisher\" content=\"https:\/\/www.facebook.com\/asterscenhautesavoie\/\" \/>\n<meta property=\"article:modified_time\" content=\"2026-01-28T14:00:17+00:00\" \/>\n<meta property=\"og:image\" content=\"https:\/\/iceandlife.org\/wp-content\/uploads\/2023\/04\/VIGNETTE_Home_001-1.png\" \/>\n\t<meta property=\"og:image:width\" content=\"1029\" \/>\n\t<meta property=\"og:image:height\" content=\"686\" \/>\n\t<meta property=\"og:image:type\" content=\"image\/png\" \/>\n<meta name=\"twitter:card\" content=\"summary_large_image\" \/>\n<meta name=\"twitter:title\" content=\"Ice&amp;Life\" \/>\n<meta name=\"twitter:description\" content=\"Un projet novateur entre la science et la conservation de la nature pour prot\u00e9ger les glaciers et les zones d\u00e9senglac\u00e9es d&#039;aujourd&#039;hui et de demain.\" \/>\n<meta name=\"twitter:image\" content=\"https:\/\/iceandlife.org\/wp-content\/uploads\/2023\/04\/VIGNETTE_Home_001-1.png\" \/>\n<script type=\"application\/ld+json\" class=\"yoast-schema-graph\">{\"@context\":\"https:\/\/schema.org\",\"@graph\":[{\"@type\":\"Article\",\"@id\":\"https:\/\/iceandlife.org\/index.php\/en\/#article\",\"isPartOf\":{\"@id\":\"https:\/\/iceandlife.org\/index.php\/en\/\"},\"author\":{\"name\":\"Maude KERICHARD\",\"@id\":\"https:\/\/iceandlife.org\/#\/schema\/person\/a6a2fc1263003f5da95ce99d553ecf6c\"},\"headline\":\"Home\",\"datePublished\":\"2023-05-22T15:24:41+00:00\",\"dateModified\":\"2026-01-28T14:00:17+00:00\",\"mainEntityOfPage\":{\"@id\":\"https:\/\/iceandlife.org\/index.php\/en\/\"},\"wordCount\":1,\"publisher\":{\"@id\":\"https:\/\/iceandlife.org\/#organization\"},\"inLanguage\":\"fr-FR\"},{\"@type\":\"WebPage\",\"@id\":\"https:\/\/iceandlife.org\/index.php\/en\/\",\"url\":\"https:\/\/iceandlife.org\/index.php\/en\/\",\"name\":\"Ice&Life\",\"isPartOf\":{\"@id\":\"https:\/\/iceandlife.org\/#website\"},\"datePublished\":\"2023-05-22T15:24:41+00:00\",\"dateModified\":\"2026-01-28T14:00:17+00:00\",\"description\":\"Un projet novateur entre la science et la conservation de la nature pour prot\u00e9ger les glaciers et les zones d\u00e9senglac\u00e9es d'aujourd'hui et de demain.\",\"breadcrumb\":{\"@id\":\"https:\/\/iceandlife.org\/index.php\/en\/#breadcrumb\"},\"inLanguage\":\"fr-FR\",\"potentialAction\":[{\"@type\":\"ReadAction\",\"target\":[\"https:\/\/iceandlife.org\/index.php\/en\/\"]}]},{\"@type\":\"BreadcrumbList\",\"@id\":\"https:\/\/iceandlife.org\/index.php\/en\/#breadcrumb\",\"itemListElement\":[{\"@type\":\"ListItem\",\"position\":1,\"name\":\"Home\",\"item\":\"https:\/\/iceandlife.org\/\"},{\"@type\":\"ListItem\",\"position\":2,\"name\":\"Home\"}]},{\"@type\":\"WebSite\",\"@id\":\"https:\/\/iceandlife.org\/#website\",\"url\":\"https:\/\/iceandlife.org\/\",\"name\":\"Ice&amp;Life\",\"description\":\"Explorer et prot\u00e9ger une nouvelle fronti\u00e8re \u00e9cologique\",\"publisher\":{\"@id\":\"https:\/\/iceandlife.org\/#organization\"},\"potentialAction\":[{\"@type\":\"SearchAction\",\"target\":{\"@type\":\"EntryPoint\",\"urlTemplate\":\"https:\/\/iceandlife.org\/?s={search_term_string}\"},\"query-input\":\"required name=search_term_string\"}],\"inLanguage\":\"fr-FR\"},{\"@type\":\"Organization\",\"@id\":\"https:\/\/iceandlife.org\/#organization\",\"name\":\"Ice&amp;Life\",\"url\":\"https:\/\/iceandlife.org\/\",\"logo\":{\"@type\":\"ImageObject\",\"inLanguage\":\"fr-FR\",\"@id\":\"https:\/\/iceandlife.org\/#\/schema\/logo\/image\/\",\"url\":\"https:\/\/iceandlife.org\/wp-content\/uploads\/2023\/04\/INL_Icon_B_32px.png\",\"contentUrl\":\"https:\/\/iceandlife.org\/wp-content\/uploads\/2023\/04\/INL_Icon_B_32px.png\",\"width\":32,\"height\":32,\"caption\":\"Ice&amp;Life\"},\"image\":{\"@id\":\"https:\/\/iceandlife.org\/#\/schema\/logo\/image\/\"},\"sameAs\":[\"https:\/\/www.facebook.com\/asterscenhautesavoie\/\"]},{\"@type\":\"Person\",\"@id\":\"https:\/\/iceandlife.org\/#\/schema\/person\/a6a2fc1263003f5da95ce99d553ecf6c\",\"name\":\"Maude KERICHARD\",\"image\":{\"@type\":\"ImageObject\",\"inLanguage\":\"fr-FR\",\"@id\":\"https:\/\/iceandlife.org\/#\/schema\/person\/image\/\",\"url\":\"https:\/\/secure.gravatar.com\/avatar\/f7977f97965395345bdbf0d6b9f16091?s=96&d=mm&r=g\",\"contentUrl\":\"https:\/\/secure.gravatar.com\/avatar\/f7977f97965395345bdbf0d6b9f16091?s=96&d=mm&r=g\",\"caption\":\"Maude KERICHARD\"},\"url\":\"https:\/\/iceandlife.org\/index.php\/author\/mkerichard\/\"}]}<\/script>\n<!-- \/ Yoast SEO plugin. -->","yoast_head_json":{"title":"Ice&Life","description":"Un projet novateur entre la science et la conservation de la nature pour prot\u00e9ger les glaciers et les zones d\u00e9senglac\u00e9es d'aujourd'hui et de demain.","robots":{"index":"index","follow":"follow","max-snippet":"max-snippet:-1","max-image-preview":"max-image-preview:large","max-video-preview":"max-video-preview:-1"},"canonical":"https:\/\/iceandlife.org\/index.php\/en\/","og_locale":"fr_FR","og_type":"article","og_title":"Ice&Life","og_description":"Un projet novateur entre la science et la conservation de la nature pour prot\u00e9ger les glaciers et les zones d\u00e9senglac\u00e9es d'aujourd'hui et de demain.","og_url":"https:\/\/iceandlife.org\/index.php\/en\/","og_site_name":"Ice&amp;Life","article_publisher":"https:\/\/www.facebook.com\/asterscenhautesavoie\/","article_modified_time":"2026-01-28T14:00:17+00:00","og_image":[{"width":1029,"height":686,"url":"https:\/\/iceandlife.org\/wp-content\/uploads\/2023\/04\/VIGNETTE_Home_001-1.png","type":"image\/png"}],"twitter_card":"summary_large_image","twitter_title":"Ice&Life","twitter_description":"Un projet novateur entre la science et la conservation de la nature pour prot\u00e9ger les glaciers et les zones d\u00e9senglac\u00e9es d'aujourd'hui et de demain.","twitter_image":"https:\/\/iceandlife.org\/wp-content\/uploads\/2023\/04\/VIGNETTE_Home_001-1.png","schema":{"@context":"https:\/\/schema.org","@graph":[{"@type":"Article","@id":"https:\/\/iceandlife.org\/index.php\/en\/#article","isPartOf":{"@id":"https:\/\/iceandlife.org\/index.php\/en\/"},"author":{"name":"Maude KERICHARD","@id":"https:\/\/iceandlife.org\/#\/schema\/person\/a6a2fc1263003f5da95ce99d553ecf6c"},"headline":"Home","datePublished":"2023-05-22T15:24:41+00:00","dateModified":"2026-01-28T14:00:17+00:00","mainEntityOfPage":{"@id":"https:\/\/iceandlife.org\/index.php\/en\/"},"wordCount":1,"publisher":{"@id":"https:\/\/iceandlife.org\/#organization"},"inLanguage":"fr-FR"},{"@type":"WebPage","@id":"https:\/\/iceandlife.org\/index.php\/en\/","url":"https:\/\/iceandlife.org\/index.php\/en\/","name":"Ice&Life","isPartOf":{"@id":"https:\/\/iceandlife.org\/#website"},"datePublished":"2023-05-22T15:24:41+00:00","dateModified":"2026-01-28T14:00:17+00:00","description":"Un projet novateur entre la science et la conservation de la nature pour prot\u00e9ger les glaciers et les zones d\u00e9senglac\u00e9es d'aujourd'hui et de demain.","breadcrumb":{"@id":"https:\/\/iceandlife.org\/index.php\/en\/#breadcrumb"},"inLanguage":"fr-FR","potentialAction":[{"@type":"ReadAction","target":["https:\/\/iceandlife.org\/index.php\/en\/"]}]},{"@type":"BreadcrumbList","@id":"https:\/\/iceandlife.org\/index.php\/en\/#breadcrumb","itemListElement":[{"@type":"ListItem","position":1,"name":"Home","item":"https:\/\/iceandlife.org\/"},{"@type":"ListItem","position":2,"name":"Home"}]},{"@type":"WebSite","@id":"https:\/\/iceandlife.org\/#website","url":"https:\/\/iceandlife.org\/","name":"Ice&amp;Life","description":"Explorer et prot\u00e9ger une nouvelle fronti\u00e8re \u00e9cologique","publisher":{"@id":"https:\/\/iceandlife.org\/#organization"},"potentialAction":[{"@type":"SearchAction","target":{"@type":"EntryPoint","urlTemplate":"https:\/\/iceandlife.org\/?s={search_term_string}"},"query-input":"required name=search_term_string"}],"inLanguage":"fr-FR"},{"@type":"Organization","@id":"https:\/\/iceandlife.org\/#organization","name":"Ice&amp;Life","url":"https:\/\/iceandlife.org\/","logo":{"@type":"ImageObject","inLanguage":"fr-FR","@id":"https:\/\/iceandlife.org\/#\/schema\/logo\/image\/","url":"https:\/\/iceandlife.org\/wp-content\/uploads\/2023\/04\/INL_Icon_B_32px.png","contentUrl":"https:\/\/iceandlife.org\/wp-content\/uploads\/2023\/04\/INL_Icon_B_32px.png","width":32,"height":32,"caption":"Ice&amp;Life"},"image":{"@id":"https:\/\/iceandlife.org\/#\/schema\/logo\/image\/"},"sameAs":["https:\/\/www.facebook.com\/asterscenhautesavoie\/"]},{"@type":"Person","@id":"https:\/\/iceandlife.org\/#\/schema\/person\/a6a2fc1263003f5da95ce99d553ecf6c","name":"Maude KERICHARD","image":{"@type":"ImageObject","inLanguage":"fr-FR","@id":"https:\/\/iceandlife.org\/#\/schema\/person\/image\/","url":"https:\/\/secure.gravatar.com\/avatar\/f7977f97965395345bdbf0d6b9f16091?s=96&d=mm&r=g","contentUrl":"https:\/\/secure.gravatar.com\/avatar\/f7977f97965395345bdbf0d6b9f16091?s=96&d=mm&r=g","caption":"Maude KERICHARD"},"url":"https:\/\/iceandlife.org\/index.php\/author\/mkerichard\/"}]}},"_links":{"self":[{"href":"https:\/\/iceandlife.org\/index.php\/wp-json\/wp\/v2\/pages\/274"}],"collection":[{"href":"https:\/\/iceandlife.org\/index.php\/wp-json\/wp\/v2\/pages"}],"about":[{"href":"https:\/\/iceandlife.org\/index.php\/wp-json\/wp\/v2\/types\/page"}],"author":[{"embeddable":true,"href":"https:\/\/iceandlife.org\/index.php\/wp-json\/wp\/v2\/users\/2"}],"replies":[{"embeddable":true,"href":"https:\/\/iceandlife.org\/index.php\/wp-json\/wp\/v2\/comments?post=274"}],"version-history":[{"count":2,"href":"https:\/\/iceandlife.org\/index.php\/wp-json\/wp\/v2\/pages\/274\/revisions"}],"predecessor-version":[{"id":278,"href":"https:\/\/iceandlife.org\/index.php\/wp-json\/wp\/v2\/pages\/274\/revisions\/278"}],"wp:featuredmedia":[{"embeddable":true,"href":"https:\/\/iceandlife.org\/index.php\/wp-json\/wp\/v2\/media\/262"}],"wp:attachment":[{"href":"https:\/\/iceandlife.org\/index.php\/wp-json\/wp\/v2\/media?parent=274"}],"curies":[{"name":"wp","href":"https:\/\/api.w.org\/{rel}","templated":true}]}}